{"id":337,"date":"2021-06-04T16:01:14","date_gmt":"2021-06-04T19:01:14","guid":{"rendered":"https:\/\/www.ind.cl\/indeduca\/?page_id=337"},"modified":"2024-11-13T10:57:05","modified_gmt":"2024-11-13T13:57:05","slug":"deporte-en-la-etapa-escolar","status":"publish","type":"page","link":"https:\/\/www.ind.cl\/indeduca\/deporte-en-la-etapa-escolar\/","title":{"rendered":"Deporte en la etapa escolar"},"content":{"rendered":"\t\t<div data-elementor-type=\"wp-page\" data-elementor-id=\"337\" class=\"elementor elementor-337\" data-elementor-post-type=\"page\">\n\t\t\t\t\t\t<section class=\"elementor-section elementor-top-section elementor-element elementor-element-056000d elementor-section-height-min-height elementor-hidden-phone elementor-section-boxed elementor-section-height-default elementor-section-items-middle\" data-id=\"056000d\" data-element_type=\"section\" data-settings=\"{&quot;background_background&quot;:&quot;classic&quot;}\">\n\t\t\t\t\t\t\t<div class=\"elementor-background-overlay\"><\/div>\n\t\t\t\t\t\t\t<div class=\"elementor-container elementor-column-gap-default\">\n\t\t\t\t\t<div class=\"elementor-column elementor-col-100 elementor-top-column elementor-element elementor-element-b2bb72e\" data-id=\"b2bb72e\" data-element_type=\"column\">\n\t\t\t<div class=\"elementor-widget-wrap elementor-element-populated\">\n\t\t\t\t\t\t<section class=\"elementor-section elementor-inner-section elementor-element elementor-element-c26b6ae elementor-section-boxed elementor-section-height-default elementor-section-height-default\" data-id=\"c26b6ae\" data-element_type=\"section\">\n\t\t\t\t\t\t<div class=\"elementor-container elementor-column-gap-default\">\n\t\t\t\t\t<div class=\"elementor-column elementor-col-50 elementor-inner-column elementor-element elementor-element-b37d6d8\" data-id=\"b37d6d8\" data-element_type=\"column\">\n\t\t\t<div class=\"elementor-widget-wrap\">\n\t\t\t\t\t\t\t<\/div>\n\t\t<\/div>\n\t\t\t\t<div class=\"elementor-column elementor-col-50 elementor-inner-column elementor-element elementor-element-a247bc8\" data-id=\"a247bc8\" data-element_type=\"column\">\n\t\t\t<div class=\"elementor-widget-wrap\">\n\t\t\t\t\t\t\t<\/div>\n\t\t<\/div>\n\t\t\t\t\t<\/div>\n\t\t<\/section>\n\t\t\t\t\t<\/div>\n\t\t<\/div>\n\t\t\t\t\t<\/div>\n\t\t<\/section>\n\t\t\t\t<section class=\"elementor-section elementor-top-section elementor-element elementor-element-eb5a175 elementor-section-height-min-height elementor-hidden-desktop elementor-hidden-tablet elementor-section-boxed elementor-section-height-default elementor-section-items-middle\" data-id=\"eb5a175\" data-element_type=\"section\" data-settings=\"{&quot;background_background&quot;:&quot;classic&quot;}\">\n\t\t\t\t\t\t\t<div class=\"elementor-background-overlay\"><\/div>\n\t\t\t\t\t\t\t<div class=\"elementor-container elementor-column-gap-default\">\n\t\t\t\t\t<div class=\"elementor-column elementor-col-100 elementor-top-column elementor-element elementor-element-5576e65\" data-id=\"5576e65\" data-element_type=\"column\">\n\t\t\t<div class=\"elementor-widget-wrap elementor-element-populated\">\n\t\t\t\t\t\t<div class=\"elementor-element elementor-element-afa8d96 elementor-widget elementor-widget-image\" data-id=\"afa8d96\" data-element_type=\"widget\" data-widget_type=\"image.default\">\n\t\t\t\t<div class=\"elementor-widget-container\">\n\t\t\t\t\t\t\t\t\t\t\t\t\t<img decoding=\"async\" src=\"https:\/\/www.ind.cl\/indeduca\/wp-content\/uploads\/2021\/06\/DEPORTE_E_ESCOLAR.png\" title=\"\" alt=\"\" loading=\"lazy\" \/>\t\t\t\t\t\t\t\t\t\t\t\t\t<\/div>\n\t\t\t\t<\/div>\n\t\t\t\t\t<\/div>\n\t\t<\/div>\n\t\t\t\t\t<\/div>\n\t\t<\/section>\n\t\t\t\t<section class=\"elementor-section elementor-top-section elementor-element elementor-element-7cdc7fc elementor-section-boxed elementor-section-height-default elementor-section-height-default\" data-id=\"7cdc7fc\" data-element_type=\"section\">\n\t\t\t\t\t\t<div class=\"elementor-container elementor-column-gap-default\">\n\t\t\t\t\t<div class=\"elementor-column elementor-col-50 elementor-top-column elementor-element elementor-element-0ba3cb0\" data-id=\"0ba3cb0\" data-element_type=\"column\">\n\t\t\t<div class=\"elementor-widget-wrap elementor-element-populated\">\n\t\t\t\t\t\t<div class=\"elementor-element elementor-element-0e965cf elementor-widget elementor-widget-video\" data-id=\"0e965cf\" data-element_type=\"widget\" data-settings=\"{&quot;video_type&quot;:&quot;vimeo&quot;}\" data-widget_type=\"video.default\">\n\t\t\t\t<div class=\"elementor-widget-container\">\n\t\t\t\t\t<div class=\"elementor-wrapper elementor-open-inline\">\n\t\t\t<iframe class=\"elementor-video-iframe\" allowfullscreen allow=\"clipboard-write\" title=\"Reproductor de v\u00eddeo vimeo\" src=\"https:\/\/player.vimeo.com\/video\/578513924?color&amp;autopause=0&amp;loop=0&amp;muted=0&amp;title=1&amp;portrait=1&amp;byline=1#t=\"><\/iframe>\t\t<\/div>\n\t\t\t\t<\/div>\n\t\t\t\t<\/div>\n\t\t\t\t\t<\/div>\n\t\t<\/div>\n\t\t\t\t<div class=\"elementor-column elementor-col-50 elementor-top-column elementor-element elementor-element-53b654a\" data-id=\"53b654a\" data-element_type=\"column\">\n\t\t\t<div class=\"elementor-widget-wrap elementor-element-populated\">\n\t\t\t\t\t\t<div class=\"elementor-element elementor-element-1f2dc88 elementor-widget elementor-widget-accordion\" data-id=\"1f2dc88\" data-element_type=\"widget\" data-widget_type=\"accordion.default\">\n\t\t\t\t<div class=\"elementor-widget-container\">\n\t\t\t\t\t<div class=\"elementor-accordion\">\n\t\t\t\t\t\t\t<div class=\"elementor-accordion-item\">\n\t\t\t\t\t<div id=\"elementor-tab-title-3261\" class=\"elementor-tab-title\" data-tab=\"1\" role=\"button\" aria-controls=\"elementor-tab-content-3261\" aria-expanded=\"false\">\n\t\t\t\t\t\t\t\t\t\t\t\t\t<span class=\"elementor-accordion-icon elementor-accordion-icon-right\" aria-hidden=\"true\">\n\t\t\t\t\t\t\t\t\t\t\t\t\t\t\t<span class=\"elementor-accordion-icon-closed\"><i class=\"fas fa-plus\"><\/i><\/span>\n\t\t\t\t\t\t\t\t<span class=\"elementor-accordion-icon-opened\"><i class=\"fas fa-minus\"><\/i><\/span>\n\t\t\t\t\t\t\t\t\t\t\t\t\t\t<\/span>\n\t\t\t\t\t\t\t\t\t\t\t\t<a class=\"elementor-accordion-title\" tabindex=\"0\">Del juego al deporte<\/a>\n\t\t\t\t\t<\/div>\n\t\t\t\t\t<div id=\"elementor-tab-content-3261\" class=\"elementor-tab-content elementor-clearfix\" data-tab=\"1\" role=\"region\" aria-labelledby=\"elementor-tab-title-3261\"><p>Aumentamos la pr\u00e1ctica de la actividad f\u00edsica a trav\u00e9s del juego y la exploraci\u00f3n en ni\u00f1as y ni\u00f1os de hasta seis a\u00f1os de los jardines y salas cunas de la JUNJI e INTEGRA.<\/p><p><strong>\u00a1Consulta en tu jard\u00edn o sala cuna por la oferta de estos talleres!<\/strong><\/p><\/div>\n\t\t\t\t<\/div>\n\t\t\t\t\t\t\t<div class=\"elementor-accordion-item\">\n\t\t\t\t\t<div id=\"elementor-tab-title-3262\" class=\"elementor-tab-title\" data-tab=\"2\" role=\"button\" aria-controls=\"elementor-tab-content-3262\" aria-expanded=\"false\">\n\t\t\t\t\t\t\t\t\t\t\t\t\t<span class=\"elementor-accordion-icon elementor-accordion-icon-right\" aria-hidden=\"true\">\n\t\t\t\t\t\t\t\t\t\t\t\t\t\t\t<span class=\"elementor-accordion-icon-closed\"><i class=\"fas fa-plus\"><\/i><\/span>\n\t\t\t\t\t\t\t\t<span class=\"elementor-accordion-icon-opened\"><i class=\"fas fa-minus\"><\/i><\/span>\n\t\t\t\t\t\t\t\t\t\t\t\t\t\t<\/span>\n\t\t\t\t\t\t\t\t\t\t\t\t<a class=\"elementor-accordion-title\" tabindex=\"0\">Jugar y aprender<\/a>\n\t\t\t\t\t<\/div>\n\t\t\t\t\t<div id=\"elementor-tab-content-3262\" class=\"elementor-tab-content elementor-clearfix\" data-tab=\"2\" role=\"region\" aria-labelledby=\"elementor-tab-title-3262\"><p>A trav\u00e9s de actividad f\u00edsica l\u00fadica, potenciamos las habilidades motoras de ni\u00f1as y ni\u00f1os de hasta 4\u00b0 b\u00e1sico de escuelas p\u00fablicas y particulares subvencionadas. Estas habilidades son la base para un desarrollo f\u00edsico \u00f3ptimo y la familiarizaci\u00f3n con el deporte.<\/p><p><strong>\u00a1Consulta en tu escuela por la oferta de estos talleres!<\/strong><\/p><\/div>\n\t\t\t\t<\/div>\n\t\t\t\t\t\t\t<div class=\"elementor-accordion-item\">\n\t\t\t\t\t<div id=\"elementor-tab-title-3263\" class=\"elementor-tab-title\" data-tab=\"3\" role=\"button\" aria-controls=\"elementor-tab-content-3263\" aria-expanded=\"false\">\n\t\t\t\t\t\t\t\t\t\t\t\t\t<span class=\"elementor-accordion-icon elementor-accordion-icon-right\" aria-hidden=\"true\">\n\t\t\t\t\t\t\t\t\t\t\t\t\t\t\t<span class=\"elementor-accordion-icon-closed\"><i class=\"fas fa-plus\"><\/i><\/span>\n\t\t\t\t\t\t\t\t<span class=\"elementor-accordion-icon-opened\"><i class=\"fas fa-minus\"><\/i><\/span>\n\t\t\t\t\t\t\t\t\t\t\t\t\t\t<\/span>\n\t\t\t\t\t\t\t\t\t\t\t\t<a class=\"elementor-accordion-title\" tabindex=\"0\">Escuelas de elecci\u00f3n deportiva<\/a>\n\t\t\t\t\t<\/div>\n\t\t\t\t\t<div id=\"elementor-tab-content-3263\" class=\"elementor-tab-content elementor-clearfix\" data-tab=\"3\" role=\"region\" aria-labelledby=\"elementor-tab-title-3263\"><p>Mediante el desarrollo de Escuelas de Elecci\u00f3n Deportiva potenciamos las competencias y aptitudes de los j\u00f3venes para el desarrollo de una disciplina deportiva, transitando hacia la formaci\u00f3n y especializaci\u00f3n en el deporte que les motive.<\/p><p>De esta manera, pasar a ser parte de las selecciones deportivas de sus escuelas y representarlas en los Juegos Deportivos Escolares, Campeonatos Regionales, Nacionales e Internacionales que el IND organiza lo largo del a\u00f1o.<\/p><p><strong>\u00a1Consulta en tu escuela por la oferta de estos talleres!<\/strong><\/p><\/div>\n\t\t\t\t<\/div>\n\t\t\t\t\t\t\t\t<\/div>\n\t\t\t\t<\/div>\n\t\t\t\t<\/div>\n\t\t\t\t\t<\/div>\n\t\t<\/div>\n\t\t\t\t\t<\/div>\n\t\t<\/section>\n\t\t\t\t<section class=\"elementor-section elementor-top-section elementor-element elementor-element-c5b5387 elementor-section-boxed elementor-section-height-default elementor-section-height-default\" data-id=\"c5b5387\" data-element_type=\"section\" data-settings=\"{&quot;background_background&quot;:&quot;classic&quot;}\">\n\t\t\t\t\t\t<div class=\"elementor-container elementor-column-gap-default\">\n\t\t\t\t\t<div class=\"elementor-column elementor-col-100 elementor-top-column elementor-element elementor-element-4bffeb2\" data-id=\"4bffeb2\" data-element_type=\"column\" data-settings=\"{&quot;background_background&quot;:&quot;classic&quot;}\">\n\t\t\t<div class=\"elementor-widget-wrap elementor-element-populated\">\n\t\t\t\t\t\t<div class=\"elementor-element elementor-element-b0310d1 elementor-widget elementor-widget-text-editor\" data-id=\"b0310d1\" data-element_type=\"widget\" data-widget_type=\"text-editor.default\">\n\t\t\t\t<div class=\"elementor-widget-container\">\n\t\t\t\t\t\t\t<h2 style=\"text-align: center;\"><strong>\u00a1QUIERO SER PARTE DE LA SELECCI\u00d3N DE MI ESCUELA! <\/strong><\/h2><p style=\"text-align: center;\">Si te interesa practicar tu deporte a un nivel m\u00e1s competitivo, ac\u00e9rcate al entrenador de tu colegio o a tu direcci\u00f3n regional del IND, y averigua por las escuelas y selecciones existentes en tu regi\u00f3n.<\/p><p style=\"text-align: center;\"><b>Revisa el listado de las oficinas del IND a lo largo de Chile<\/b><\/p><p style=\"text-align: center;\"><a class=\"btn btn-acord\" href=\"https:\/\/ind.cl\/direcciones-regionales\/\" target=\"_blank\" rel=\"noopener\">INGRESA AQU\u00cd<\/a><\/p>\t\t\t\t\t\t<\/div>\n\t\t\t\t<\/div>\n\t\t\t\t\t<\/div>\n\t\t<\/div>\n\t\t\t\t\t<\/div>\n\t\t<\/section>\n\t\t\t\t<\/div>\n\t\t","protected":false},"excerpt":{"rendered":"<p>Del juego al deporte Aumentamos la pr\u00e1ctica de la actividad f\u00edsica a trav\u00e9s del juego y la exploraci\u00f3n en ni\u00f1as y ni\u00f1os de hasta seis a\u00f1os de los jardines y salas cunas de la JUNJI e INTEGRA. \u00a1Consulta en tu jard\u00edn o sala cuna por la oferta de estos talleres! Jugar y aprender A trav\u00e9s [&hellip;]<\/p>\n","protected":false},"author":1,"featured_media":893,"parent":0,"menu_order":0,"comment_status":"closed","ping_status":"closed","template":"","meta":{"inline_featured_image":false,"footnotes":""},"class_list":["post-337","page","type-page","status-publish","has-post-thumbnail","hentry"],"aioseo_notices":[],"_links":{"self":[{"href":"https:\/\/www.ind.cl\/indeduca\/wp-json\/wp\/v2\/pages\/337","targetHints":{"allow":["GET"]}}],"collection":[{"href":"https:\/\/www.ind.cl\/indeduca\/wp-json\/wp\/v2\/pages"}],"about":[{"href":"https:\/\/www.ind.cl\/indeduca\/wp-json\/wp\/v2\/types\/page"}],"author":[{"embeddable":true,"href":"https:\/\/www.ind.cl\/indeduca\/wp-json\/wp\/v2\/users\/1"}],"replies":[{"embeddable":true,"href":"https:\/\/www.ind.cl\/indeduca\/wp-json\/wp\/v2\/comments?post=337"}],"version-history":[{"count":104,"href":"https:\/\/www.ind.cl\/indeduca\/wp-json\/wp\/v2\/pages\/337\/revisions"}],"predecessor-version":[{"id":1438,"href":"https:\/\/www.ind.cl\/indeduca\/wp-json\/wp\/v2\/pages\/337\/revisions\/1438"}],"wp:featuredmedia":[{"embeddable":true,"href":"https:\/\/www.ind.cl\/indeduca\/wp-json\/wp\/v2\/media\/893"}],"wp:attachment":[{"href":"https:\/\/www.ind.cl\/indeduca\/wp-json\/wp\/v2\/media?parent=337"}],"curies":[{"name":"wp","href":"https:\/\/api.w.org\/{rel}","templated":true}]}}