{"id":340,"date":"2021-06-04T16:02:07","date_gmt":"2021-06-04T19:02:07","guid":{"rendered":"https:\/\/www.ind.cl\/indeduca\/?page_id=340"},"modified":"2024-11-13T10:59:30","modified_gmt":"2024-11-13T13:59:30","slug":"deporte-de-alto-rendimiento","status":"publish","type":"page","link":"https:\/\/www.ind.cl\/indeduca\/deporte-de-alto-rendimiento\/","title":{"rendered":"Deporte de alto rendimiento"},"content":{"rendered":"\t\t<div data-elementor-type=\"wp-page\" data-elementor-id=\"340\" class=\"elementor elementor-340\" data-elementor-post-type=\"page\">\n\t\t\t\t\t\t<section class=\"elementor-section elementor-top-section elementor-element elementor-element-db3f1f6 elementor-section-height-min-height elementor-hidden-phone elementor-section-boxed elementor-section-height-default elementor-section-items-middle\" data-id=\"db3f1f6\" data-element_type=\"section\" data-settings=\"{&quot;background_background&quot;:&quot;classic&quot;}\">\n\t\t\t\t\t\t\t<div class=\"elementor-background-overlay\"><\/div>\n\t\t\t\t\t\t\t<div class=\"elementor-container elementor-column-gap-default\">\n\t\t\t\t\t<div class=\"elementor-column elementor-col-100 elementor-top-column elementor-element elementor-element-1a6f32c\" data-id=\"1a6f32c\" data-element_type=\"column\">\n\t\t\t<div class=\"elementor-widget-wrap elementor-element-populated\">\n\t\t\t\t\t\t<section class=\"elementor-section elementor-inner-section elementor-element elementor-element-2f26e5d elementor-section-boxed elementor-section-height-default elementor-section-height-default\" data-id=\"2f26e5d\" data-element_type=\"section\">\n\t\t\t\t\t\t<div class=\"elementor-container elementor-column-gap-default\">\n\t\t\t\t\t<div class=\"elementor-column elementor-col-50 elementor-inner-column elementor-element elementor-element-b07bd30\" data-id=\"b07bd30\" data-element_type=\"column\">\n\t\t\t<div class=\"elementor-widget-wrap\">\n\t\t\t\t\t\t\t<\/div>\n\t\t<\/div>\n\t\t\t\t<div class=\"elementor-column elementor-col-50 elementor-inner-column elementor-element elementor-element-46295e8\" data-id=\"46295e8\" data-element_type=\"column\">\n\t\t\t<div class=\"elementor-widget-wrap\">\n\t\t\t\t\t\t\t<\/div>\n\t\t<\/div>\n\t\t\t\t\t<\/div>\n\t\t<\/section>\n\t\t\t\t\t<\/div>\n\t\t<\/div>\n\t\t\t\t\t<\/div>\n\t\t<\/section>\n\t\t\t\t<section class=\"elementor-section elementor-top-section elementor-element elementor-element-028be11 elementor-section-height-min-height elementor-hidden-desktop elementor-hidden-tablet elementor-section-boxed elementor-section-height-default elementor-section-items-middle\" data-id=\"028be11\" data-element_type=\"section\" data-settings=\"{&quot;background_background&quot;:&quot;classic&quot;}\">\n\t\t\t\t\t\t\t<div class=\"elementor-background-overlay\"><\/div>\n\t\t\t\t\t\t\t<div class=\"elementor-container elementor-column-gap-default\">\n\t\t\t\t\t<div class=\"elementor-column elementor-col-100 elementor-top-column elementor-element elementor-element-4e8fc7a\" data-id=\"4e8fc7a\" data-element_type=\"column\">\n\t\t\t<div class=\"elementor-widget-wrap elementor-element-populated\">\n\t\t\t\t\t\t<div class=\"elementor-element elementor-element-8d36578 elementor-widget elementor-widget-image\" data-id=\"8d36578\" data-element_type=\"widget\" data-widget_type=\"image.default\">\n\t\t\t\t<div class=\"elementor-widget-container\">\n\t\t\t\t\t\t\t\t\t\t\t\t\t<img fetchpriority=\"high\" decoding=\"async\" width=\"525\" height=\"185\" src=\"https:\/\/www.ind.cl\/indeduca\/wp-content\/uploads\/2021\/06\/DEPORTE_ALTO_REND.png\" class=\"attachment-large size-large wp-image-821\" alt=\"\" srcset=\"https:\/\/www.ind.cl\/indeduca\/wp-content\/uploads\/2021\/06\/DEPORTE_ALTO_REND.png 525w, https:\/\/www.ind.cl\/indeduca\/wp-content\/uploads\/2021\/06\/DEPORTE_ALTO_REND-300x106.png 300w\" sizes=\"(max-width: 525px) 100vw, 525px\" \/>\t\t\t\t\t\t\t\t\t\t\t\t\t<\/div>\n\t\t\t\t<\/div>\n\t\t\t\t\t<\/div>\n\t\t<\/div>\n\t\t\t\t\t<\/div>\n\t\t<\/section>\n\t\t\t\t<section class=\"elementor-section elementor-top-section elementor-element elementor-element-4cd9865 elementor-section-boxed elementor-section-height-default elementor-section-height-default\" data-id=\"4cd9865\" data-element_type=\"section\">\n\t\t\t\t\t\t<div class=\"elementor-container elementor-column-gap-default\">\n\t\t\t\t\t<div class=\"elementor-column elementor-col-50 elementor-top-column elementor-element elementor-element-6eaa5d5\" data-id=\"6eaa5d5\" data-element_type=\"column\">\n\t\t\t<div class=\"elementor-widget-wrap elementor-element-populated\">\n\t\t\t\t\t\t<div class=\"elementor-element elementor-element-987bad7 elementor-widget elementor-widget-video\" data-id=\"987bad7\" data-element_type=\"widget\" data-settings=\"{&quot;youtube_url&quot;:&quot;https:\\\/\\\/www.youtube.com\\\/watch?v=xY0BHXhh9j0&quot;,&quot;video_type&quot;:&quot;youtube&quot;,&quot;controls&quot;:&quot;yes&quot;}\" data-widget_type=\"video.default\">\n\t\t\t\t<div class=\"elementor-widget-container\">\n\t\t\t\t\t<div class=\"elementor-wrapper elementor-open-inline\">\n\t\t\t<div class=\"elementor-video\"><\/div>\t\t<\/div>\n\t\t\t\t<\/div>\n\t\t\t\t<\/div>\n\t\t\t\t\t<\/div>\n\t\t<\/div>\n\t\t\t\t<div class=\"elementor-column elementor-col-50 elementor-top-column elementor-element elementor-element-63f4312\" data-id=\"63f4312\" data-element_type=\"column\">\n\t\t\t<div class=\"elementor-widget-wrap elementor-element-populated\">\n\t\t\t\t\t\t<div class=\"elementor-element elementor-element-8fc79ae elementor-widget elementor-widget-accordion\" data-id=\"8fc79ae\" data-element_type=\"widget\" data-widget_type=\"accordion.default\">\n\t\t\t\t<div class=\"elementor-widget-container\">\n\t\t\t\t\t<div class=\"elementor-accordion\">\n\t\t\t\t\t\t\t<div class=\"elementor-accordion-item\">\n\t\t\t\t\t<div id=\"elementor-tab-title-1501\" class=\"elementor-tab-title\" data-tab=\"1\" role=\"button\" aria-controls=\"elementor-tab-content-1501\" aria-expanded=\"false\">\n\t\t\t\t\t\t\t\t\t\t\t\t\t<span class=\"elementor-accordion-icon elementor-accordion-icon-right\" aria-hidden=\"true\">\n\t\t\t\t\t\t\t\t\t\t\t\t\t\t\t<span class=\"elementor-accordion-icon-closed\"><i class=\"fas fa-plus\"><\/i><\/span>\n\t\t\t\t\t\t\t\t<span class=\"elementor-accordion-icon-opened\"><i class=\"fas fa-minus\"><\/i><\/span>\n\t\t\t\t\t\t\t\t\t\t\t\t\t\t<\/span>\n\t\t\t\t\t\t\t\t\t\t\t\t<a class=\"elementor-accordion-title\" tabindex=\"0\">El Alto Rendimiento<\/a>\n\t\t\t\t\t<\/div>\n\t\t\t\t\t<div id=\"elementor-tab-content-1501\" class=\"elementor-tab-content elementor-clearfix\" data-tab=\"1\" role=\"region\" aria-labelledby=\"elementor-tab-title-1501\"><p>Ser deportista de alto rendimiento significa entrenar d\u00eda a d\u00eda con el objetivo de obtener logros deportivos al m\u00e1s alto nivel, generalmente siguiendo el ciclo nacional, sudamericano, panamericano, mundial y ol\u00edmpico.<\/p><p>Nuestro programa Chile Compite apoya el esfuerzo y compromiso de los deportistas chilenos que representan a nuestro pa\u00eds y que denominamos Team Chille.<\/p><p>Pero tambi\u00e9n estamos comprometidos con las nuevas generaciones. En Chile Compite apoyamos el deporte competitivo desde temprana edad, con miras a la detecci\u00f3n precoz de nuevos talentos.<\/p><p>De esta manera, los Juegos Nacionales y Paranacionales, los Juegos Deportivos Escolares y los Juegos Binacionales son parte de los esfuerzos sistem\u00e1ticos que realizamos para fomentar la competencia en nuestros atletas con miras a futuro.<\/p><p><strong><a class=\"btn btn-acord\" href=\"https:\/\/ind.cl\/chile-compite\/\" target=\"_blank\" rel=\"noopener\">CHILE COMPITE<\/a><\/strong><\/p><\/div>\n\t\t\t\t<\/div>\n\t\t\t\t\t\t\t<div class=\"elementor-accordion-item\">\n\t\t\t\t\t<div id=\"elementor-tab-title-1502\" class=\"elementor-tab-title\" data-tab=\"2\" role=\"button\" aria-controls=\"elementor-tab-content-1502\" aria-expanded=\"false\">\n\t\t\t\t\t\t\t\t\t\t\t\t\t<span class=\"elementor-accordion-icon elementor-accordion-icon-right\" aria-hidden=\"true\">\n\t\t\t\t\t\t\t\t\t\t\t\t\t\t\t<span class=\"elementor-accordion-icon-closed\"><i class=\"fas fa-plus\"><\/i><\/span>\n\t\t\t\t\t\t\t\t<span class=\"elementor-accordion-icon-opened\"><i class=\"fas fa-minus\"><\/i><\/span>\n\t\t\t\t\t\t\t\t\t\t\t\t\t\t<\/span>\n\t\t\t\t\t\t\t\t\t\t\t\t<a class=\"elementor-accordion-title\" tabindex=\"0\">Promesas Chile<\/a>\n\t\t\t\t\t<\/div>\n\t\t\t\t\t<div id=\"elementor-tab-content-1502\" class=\"elementor-tab-content elementor-clearfix\" data-tab=\"2\" role=\"region\" aria-labelledby=\"elementor-tab-title-1502\"><p>Buscamos potenciar a nuestros mejores deportistas en las primeras fases del deporte competitivo para llevarlos hacia el Alto Rendimiento. Lo que implica focalizar deportes y recursos de acuerdo a la realidad de cada regi\u00f3n.<\/p><p>Este programa se compone de los procesos de detecci\u00f3n, captaci\u00f3n, proyecci\u00f3n y desarrollo entre los 9 y 24 a\u00f1os; con foco especial en la participaci\u00f3n chilena en los Juegos Panamericanos y Parapanamericanos Santiago 2023 y a las competencias del ciclo ol\u00edmpico.<\/p><p>Con Promesas Chile esperamos aumentar el n\u00famero de deportistas que se especialicen en un deporte con proyecci\u00f3n. Mejorando los procesos de entrenamiento, seguimiento, monitoreo y evaluaci\u00f3n, transform\u00e1ndose en el primer paso para ingresar a las selecciones nacionales.<\/p><p><strong><a class=\"btn btn-acord\" href=\"https:\/\/ind.cl\/promesas-chile\/\" target=\"_blank\" rel=\"noopener\">PROMESAS CHILE<\/a><\/strong><\/p><p style=\"text-align: center;\"><span style=\"color: #6fc191;\"><strong>\u00a1YA SON 2750 DEPORTISTAS QUE JUNTO A PROFESIONALES Y ENTRENADORES SE PERFECCIONAN EN 30 DISCIPLINAS A LO LARGO DEL PA\u00cdS!<\/strong><\/span><\/p><\/div>\n\t\t\t\t<\/div>\n\t\t\t\t\t\t\t<div class=\"elementor-accordion-item\">\n\t\t\t\t\t<div id=\"elementor-tab-title-1503\" class=\"elementor-tab-title\" data-tab=\"3\" role=\"button\" aria-controls=\"elementor-tab-content-1503\" aria-expanded=\"false\">\n\t\t\t\t\t\t\t\t\t\t\t\t\t<span class=\"elementor-accordion-icon elementor-accordion-icon-right\" aria-hidden=\"true\">\n\t\t\t\t\t\t\t\t\t\t\t\t\t\t\t<span class=\"elementor-accordion-icon-closed\"><i class=\"fas fa-plus\"><\/i><\/span>\n\t\t\t\t\t\t\t\t<span class=\"elementor-accordion-icon-opened\"><i class=\"fas fa-minus\"><\/i><\/span>\n\t\t\t\t\t\t\t\t\t\t\t\t\t\t<\/span>\n\t\t\t\t\t\t\t\t\t\t\t\t<a class=\"elementor-accordion-title\" tabindex=\"0\">Team Chile y Team ParaChile<\/a>\n\t\t\t\t\t<\/div>\n\t\t\t\t\t<div id=\"elementor-tab-content-1503\" class=\"elementor-tab-content elementor-clearfix\" data-tab=\"3\" role=\"region\" aria-labelledby=\"elementor-tab-title-1503\"><p>El Team Chile y el Team ParaChile son las Selecci\u00f3n Chilena de todos los deportes, tanto convencionales como paral\u00edmpicos. Son todos los deportistas de alto rendimiento que representan a nuestro pa\u00eds a nivel internacional, compitiendo como un gran equipo ol\u00edmpico, que persigue objetivos y fines comunes.<\/p><p>Son nuestros deportistas que se sacrifican d\u00eda a d\u00eda dej\u00e1ndolo todo por la camiseta nacional. Apuntando lejos para conseguir triunfos y medallas, y as\u00ed responder al apoyo incondicional de todos los chilenos y chilenas que vibran y los apoyan incondicionalmente.<\/p><p>El Team Chile, es un proyecto que nace bajo el alero de la Asociaci\u00f3n de Deportistas Ol\u00edmpicos &#8211; ADO Chile, que a su vez, es un programa de fomento a los deportistas chilenos desarrollado por el Gobierno de Chile, el Comit\u00e9 Ol\u00edmpico de Chile, el Instituto Nacional de Deportes (IND) y una serie de empresas privadas, cuyo fin es obtener mejores resultados en los Juegos Ol\u00edmpicos.<\/p><p>Por su parte el Team ParaChile surge de la iniciativa del Comit\u00e9 Paral\u00edmpico Chileno y del IND de contar con una selecci\u00f3n nacional para los deportes paral\u00edmpicos, y adem\u00e1s, destacar sus logros y crecimiento en el tiempo.<\/p><p><strong><a class=\"btn btn-acord\" href=\"https:\/\/teamchile.cl\/#\" target=\"_blank\" rel=\"noopener\">TEAM CHILE<\/a> <a class=\"btn btn-acord\" href=\"https:\/\/paralimpico.cl\/\" target=\"_blank\" rel=\"noopener\">TEAM PARACHILE<\/a>\u00a0<\/strong><strong><a class=\"btn btn-acord\" href=\"https:\/\/www.ind.cl\/logros-para-chile\/\" target=\"_blank\" rel=\"noopener\">LOGROS DEPORTIVOS<\/a><\/strong><\/p><\/div>\n\t\t\t\t<\/div>\n\t\t\t\t\t\t\t<div class=\"elementor-accordion-item\">\n\t\t\t\t\t<div id=\"elementor-tab-title-1504\" class=\"elementor-tab-title\" data-tab=\"4\" role=\"button\" aria-controls=\"elementor-tab-content-1504\" aria-expanded=\"false\">\n\t\t\t\t\t\t\t\t\t\t\t\t\t<span class=\"elementor-accordion-icon elementor-accordion-icon-right\" aria-hidden=\"true\">\n\t\t\t\t\t\t\t\t\t\t\t\t\t\t\t<span class=\"elementor-accordion-icon-closed\"><i class=\"fas fa-plus\"><\/i><\/span>\n\t\t\t\t\t\t\t\t<span class=\"elementor-accordion-icon-opened\"><i class=\"fas fa-minus\"><\/i><\/span>\n\t\t\t\t\t\t\t\t\t\t\t\t\t\t<\/span>\n\t\t\t\t\t\t\t\t\t\t\t\t<a class=\"elementor-accordion-title\" tabindex=\"0\">Coch y Copachi<\/a>\n\t\t\t\t\t<\/div>\n\t\t\t\t\t<div id=\"elementor-tab-content-1504\" class=\"elementor-tab-content elementor-clearfix\" data-tab=\"4\" role=\"region\" aria-labelledby=\"elementor-tab-title-1504\"><p><strong>COMIT\u00c9 OL\u00cdMPICO DE CHILE \u2013 COCH<br \/><\/strong><\/p><p>El COCH tiene por misi\u00f3n desarrollar, promover y proteger el movimiento ol\u00edmpico, adem\u00e1s de impulsar el desarrollo y la obtenci\u00f3n de logros en el deporte de alto rendimiento, poniendo siempre al deportista como eje de la actividad.<\/p><p>Adem\u00e1s, junto a las federaciones deportivas nacionales, busca mejorar la capacidad de gesti\u00f3n en el deporte, contribuyendo a la excelencia de sus deportistas, entrenadores y dirigentes.<\/p><p><strong><a class=\"btn btn-acord\" href=\"https:\/\/coch.cl\/\" target=\"_blank\" rel=\"noopener\">COCH<\/a> y sus <\/strong><strong><a class=\"btn btn-acord\" style=\"margin-left: 10px;\" href=\"https:\/\/coch.cl\/federaciones-coch\/\" target=\"_blank\" rel=\"noopener\">FEDERACIONES<\/a><\/strong><\/p><p><strong>COMIT\u00c9 PARAL\u00cdMPICO DE CHILE \u2013 COPACHI<\/strong><\/p><p>El COPACHI promueve el desarrollo del deporte Paral\u00edmpico en Chile, entregando las mejores oportunidades y condiciones de preparaci\u00f3n a los deportistas para que representen Chile en el \u00e1mbito del alto rendimiento.<\/p><p>Adem\u00e1s, junto a las Federaciones Nacionales Paral\u00edmpicas, colabora en el desarrollo de oportunidades para la pr\u00e1ctica del deporte y la actividad f\u00edsica de las personas en situaci\u00f3n de discapacidad promoviendo sus derechos, la formulaci\u00f3n de pol\u00edticas p\u00fablicas y la implementaci\u00f3n de planes y programas que mejoren la calidad de vida e inclusi\u00f3n social.<\/p><p><strong><a class=\"btn btn-acord\" href=\"https:\/\/paralimpico.cl\/\" target=\"_blank\" rel=\"noopener\">COPACHI<\/a> y sus <\/strong><strong><a class=\"btn btn-acord\" style=\"margin-left: 10px;\" href=\"https:\/\/paralimpico.cl\/federaciones\/\" target=\"_blank\" rel=\"noopener\">FEDERACIONES<\/a><\/strong><\/p><\/div>\n\t\t\t\t<\/div>\n\t\t\t\t\t\t\t\t<\/div>\n\t\t\t\t<\/div>\n\t\t\t\t<\/div>\n\t\t\t\t\t<\/div>\n\t\t<\/div>\n\t\t\t\t\t<\/div>\n\t\t<\/section>\n\t\t\t\t<section class=\"elementor-section elementor-top-section elementor-element elementor-element-3780970 eliminar-container box-home elementor-hidden-phone elementor-section-boxed elementor-section-height-default elementor-section-height-default\" data-id=\"3780970\" data-element_type=\"section\" data-settings=\"{&quot;background_background&quot;:&quot;classic&quot;}\">\n\t\t\t\t\t\t<div class=\"elementor-container elementor-column-gap-default\">\n\t\t\t\t\t<div class=\"elementor-column elementor-col-100 elementor-top-column elementor-element elementor-element-ff9a7be\" data-id=\"ff9a7be\" data-element_type=\"column\">\n\t\t\t<div class=\"elementor-widget-wrap elementor-element-populated\">\n\t\t\t\t\t\t<div class=\"elementor-element elementor-element-734bb06 elementor-widget elementor-widget-image\" data-id=\"734bb06\" data-element_type=\"widget\" data-widget_type=\"image.default\">\n\t\t\t\t<div class=\"elementor-widget-container\">\n\t\t\t\t\t\t\t\t\t\t\t\t\t<img decoding=\"async\" width=\"5225\" height=\"1710\" src=\"https:\/\/www.ind.cl\/indeduca\/wp-content\/uploads\/2024\/10\/Ilustracion-IND-Educa-Actualizada-2024p1-2508x820-1.png\" class=\"attachment-full size-full wp-image-1408\" alt=\"\" srcset=\"https:\/\/www.ind.cl\/indeduca\/wp-content\/uploads\/2024\/10\/Ilustracion-IND-Educa-Actualizada-2024p1-2508x820-1.png 5225w, https:\/\/www.ind.cl\/indeduca\/wp-content\/uploads\/2024\/10\/Ilustracion-IND-Educa-Actualizada-2024p1-2508x820-1-300x98.png 300w, https:\/\/www.ind.cl\/indeduca\/wp-content\/uploads\/2024\/10\/Ilustracion-IND-Educa-Actualizada-2024p1-2508x820-1-1024x335.png 1024w, https:\/\/www.ind.cl\/indeduca\/wp-content\/uploads\/2024\/10\/Ilustracion-IND-Educa-Actualizada-2024p1-2508x820-1-768x251.png 768w, https:\/\/www.ind.cl\/indeduca\/wp-content\/uploads\/2024\/10\/Ilustracion-IND-Educa-Actualizada-2024p1-2508x820-1-1536x503.png 1536w, https:\/\/www.ind.cl\/indeduca\/wp-content\/uploads\/2024\/10\/Ilustracion-IND-Educa-Actualizada-2024p1-2508x820-1-2048x670.png 2048w\" sizes=\"(max-width: 5225px) 100vw, 5225px\" \/>\t\t\t\t\t\t\t\t\t\t\t\t\t<\/div>\n\t\t\t\t<\/div>\n\t\t\t\t<div class=\"elementor-element elementor-element-49c927f elementor-widget elementor-widget-image\" data-id=\"49c927f\" data-element_type=\"widget\" data-widget_type=\"image.default\">\n\t\t\t\t<div class=\"elementor-widget-container\">\n\t\t\t\t\t\t\t\t\t\t\t\t\t<img decoding=\"async\" width=\"5226\" height=\"1584\" src=\"https:\/\/www.ind.cl\/indeduca\/wp-content\/uploads\/2024\/10\/Ilustracion-IND-Educa-Actualizada-2024p2-2508x820-1.png\" class=\"attachment-full size-full wp-image-1409\" alt=\"\" srcset=\"https:\/\/www.ind.cl\/indeduca\/wp-content\/uploads\/2024\/10\/Ilustracion-IND-Educa-Actualizada-2024p2-2508x820-1.png 5226w, https:\/\/www.ind.cl\/indeduca\/wp-content\/uploads\/2024\/10\/Ilustracion-IND-Educa-Actualizada-2024p2-2508x820-1-300x91.png 300w, https:\/\/www.ind.cl\/indeduca\/wp-content\/uploads\/2024\/10\/Ilustracion-IND-Educa-Actualizada-2024p2-2508x820-1-1024x310.png 1024w, https:\/\/www.ind.cl\/indeduca\/wp-content\/uploads\/2024\/10\/Ilustracion-IND-Educa-Actualizada-2024p2-2508x820-1-768x233.png 768w, https:\/\/www.ind.cl\/indeduca\/wp-content\/uploads\/2024\/10\/Ilustracion-IND-Educa-Actualizada-2024p2-2508x820-1-1536x466.png 1536w, https:\/\/www.ind.cl\/indeduca\/wp-content\/uploads\/2024\/10\/Ilustracion-IND-Educa-Actualizada-2024p2-2508x820-1-2048x621.png 2048w\" sizes=\"(max-width: 5226px) 100vw, 5226px\" \/>\t\t\t\t\t\t\t\t\t\t\t\t\t<\/div>\n\t\t\t\t<\/div>\n\t\t\t\t\t<\/div>\n\t\t<\/div>\n\t\t\t\t\t<\/div>\n\t\t<\/section>\n\t\t\t\t<section class=\"elementor-section elementor-top-section elementor-element elementor-element-b526d91 eliminar-container box-home elementor-hidden-desktop elementor-hidden-tablet elementor-section-boxed elementor-section-height-default elementor-section-height-default\" data-id=\"b526d91\" data-element_type=\"section\" data-settings=\"{&quot;background_background&quot;:&quot;classic&quot;}\">\n\t\t\t\t\t\t<div class=\"elementor-container elementor-column-gap-default\">\n\t\t\t\t\t<div class=\"elementor-column elementor-col-100 elementor-top-column elementor-element elementor-element-d198472\" data-id=\"d198472\" data-element_type=\"column\">\n\t\t\t<div class=\"elementor-widget-wrap elementor-element-populated\">\n\t\t\t\t\t\t<div class=\"elementor-element elementor-element-c1ed994 elementor-widget elementor-widget-image\" data-id=\"c1ed994\" data-element_type=\"widget\" data-widget_type=\"image.default\">\n\t\t\t\t<div class=\"elementor-widget-container\">\n\t\t\t\t\t\t\t\t\t\t\t\t\t\t<a href=\"https:\/\/www.ind.cl\/indeduca\/wp-content\/uploads\/2021\/08\/info_ciclo_olimpico_movil.png\" data-elementor-open-lightbox=\"yes\" data-elementor-lightbox-title=\"info_ciclo_olimpico_movil\" data-e-action-hash=\"#elementor-action%3Aaction%3Dlightbox%26settings%3DeyJpZCI6MTMwNSwidXJsIjoiaHR0cHM6XC9cL3d3dy5pbmQuY2xcL2luZGVkdWNhXC93cC1jb250ZW50XC91cGxvYWRzXC8yMDIxXC8wOFwvaW5mb19jaWNsb19vbGltcGljb19tb3ZpbC5wbmcifQ%3D%3D\">\n\t\t\t\t\t\t\t<img loading=\"lazy\" decoding=\"async\" width=\"680\" height=\"1312\" src=\"https:\/\/www.ind.cl\/indeduca\/wp-content\/uploads\/2021\/08\/info_ciclo_olimpico_movil.png\" class=\"attachment-full size-full wp-image-1305\" alt=\"\" srcset=\"https:\/\/www.ind.cl\/indeduca\/wp-content\/uploads\/2021\/08\/info_ciclo_olimpico_movil.png 680w, https:\/\/www.ind.cl\/indeduca\/wp-content\/uploads\/2021\/08\/info_ciclo_olimpico_movil-155x300.png 155w, https:\/\/www.ind.cl\/indeduca\/wp-content\/uploads\/2021\/08\/info_ciclo_olimpico_movil-531x1024.png 531w\" sizes=\"(max-width: 680px) 100vw, 680px\" \/>\t\t\t\t\t\t\t\t<\/a>\n\t\t\t\t\t\t\t\t\t\t\t\t\t<\/div>\n\t\t\t\t<\/div>\n\t\t\t\t\t<\/div>\n\t\t<\/div>\n\t\t\t\t\t<\/div>\n\t\t<\/section>\n\t\t\t\t<\/div>\n\t\t","protected":false},"excerpt":{"rendered":"<p>El Alto Rendimiento Ser deportista de alto rendimiento significa entrenar d\u00eda a d\u00eda con el objetivo de obtener logros deportivos al m\u00e1s alto nivel, generalmente siguiendo el ciclo nacional, sudamericano, panamericano, mundial y ol\u00edmpico. Nuestro programa Chile Compite apoya el esfuerzo y compromiso de los deportistas chilenos que representan a nuestro pa\u00eds y que denominamos [&hellip;]<\/p>\n","protected":false},"author":1,"featured_media":895,"parent":0,"menu_order":0,"comment_status":"closed","ping_status":"closed","template":"","meta":{"inline_featured_image":false,"footnotes":""},"class_list":["post-340","page","type-page","status-publish","has-post-thumbnail","hentry"],"aioseo_notices":[],"_links":{"self":[{"href":"https:\/\/www.ind.cl\/indeduca\/wp-json\/wp\/v2\/pages\/340","targetHints":{"allow":["GET"]}}],"collection":[{"href":"https:\/\/www.ind.cl\/indeduca\/wp-json\/wp\/v2\/pages"}],"about":[{"href":"https:\/\/www.ind.cl\/indeduca\/wp-json\/wp\/v2\/types\/page"}],"author":[{"embeddable":true,"href":"https:\/\/www.ind.cl\/indeduca\/wp-json\/wp\/v2\/users\/1"}],"replies":[{"embeddable":true,"href":"https:\/\/www.ind.cl\/indeduca\/wp-json\/wp\/v2\/comments?post=340"}],"version-history":[{"count":128,"href":"https:\/\/www.ind.cl\/indeduca\/wp-json\/wp\/v2\/pages\/340\/revisions"}],"predecessor-version":[{"id":1444,"href":"https:\/\/www.ind.cl\/indeduca\/wp-json\/wp\/v2\/pages\/340\/revisions\/1444"}],"wp:featuredmedia":[{"embeddable":true,"href":"https:\/\/www.ind.cl\/indeduca\/wp-json\/wp\/v2\/media\/895"}],"wp:attachment":[{"href":"https:\/\/www.ind.cl\/indeduca\/wp-json\/wp\/v2\/media?parent=340"}],"curies":[{"name":"wp","href":"https:\/\/api.w.org\/{rel}","templated":true}]}}