{"id":342,"date":"2021-06-04T16:02:28","date_gmt":"2021-06-04T19:02:28","guid":{"rendered":"https:\/\/www.ind.cl\/indeduca\/?page_id=342"},"modified":"2024-10-04T16:50:04","modified_gmt":"2024-10-04T19:50:04","slug":"quiero-crear-un-club-deportivo","status":"publish","type":"page","link":"https:\/\/www.ind.cl\/indeduca\/quiero-crear-un-club-deportivo\/","title":{"rendered":"Quiero crear un club deportivo"},"content":{"rendered":"\t\t<div data-elementor-type=\"wp-page\" data-elementor-id=\"342\" class=\"elementor elementor-342\" data-elementor-post-type=\"page\">\n\t\t\t\t\t\t<section class=\"elementor-section elementor-top-section elementor-element elementor-element-218f8eb elementor-section-height-min-height elementor-hidden-phone elementor-section-boxed elementor-section-height-default elementor-section-items-middle\" data-id=\"218f8eb\" data-element_type=\"section\" data-settings=\"{&quot;background_background&quot;:&quot;classic&quot;}\">\n\t\t\t\t\t\t\t<div class=\"elementor-background-overlay\"><\/div>\n\t\t\t\t\t\t\t<div class=\"elementor-container elementor-column-gap-default\">\n\t\t\t\t\t<div class=\"elementor-column elementor-col-100 elementor-top-column elementor-element elementor-element-35062c5\" data-id=\"35062c5\" data-element_type=\"column\">\n\t\t\t<div class=\"elementor-widget-wrap elementor-element-populated\">\n\t\t\t\t\t\t<section class=\"elementor-section elementor-inner-section elementor-element elementor-element-031e842 elementor-section-boxed elementor-section-height-default elementor-section-height-default\" data-id=\"031e842\" data-element_type=\"section\">\n\t\t\t\t\t\t<div class=\"elementor-container elementor-column-gap-default\">\n\t\t\t\t\t<div class=\"elementor-column elementor-col-50 elementor-inner-column elementor-element elementor-element-f365dd8\" data-id=\"f365dd8\" data-element_type=\"column\">\n\t\t\t<div class=\"elementor-widget-wrap\">\n\t\t\t\t\t\t\t<\/div>\n\t\t<\/div>\n\t\t\t\t<div class=\"elementor-column elementor-col-50 elementor-inner-column elementor-element elementor-element-cf16fad\" data-id=\"cf16fad\" data-element_type=\"column\">\n\t\t\t<div class=\"elementor-widget-wrap\">\n\t\t\t\t\t\t\t<\/div>\n\t\t<\/div>\n\t\t\t\t\t<\/div>\n\t\t<\/section>\n\t\t\t\t\t<\/div>\n\t\t<\/div>\n\t\t\t\t\t<\/div>\n\t\t<\/section>\n\t\t\t\t<section class=\"elementor-section elementor-top-section elementor-element elementor-element-241db6c elementor-section-height-min-height elementor-hidden-desktop elementor-hidden-tablet elementor-section-boxed elementor-section-height-default elementor-section-items-middle\" data-id=\"241db6c\" data-element_type=\"section\" data-settings=\"{&quot;background_background&quot;:&quot;classic&quot;}\">\n\t\t\t\t\t\t\t<div class=\"elementor-background-overlay\"><\/div>\n\t\t\t\t\t\t\t<div class=\"elementor-container elementor-column-gap-default\">\n\t\t\t\t\t<div class=\"elementor-column elementor-col-100 elementor-top-column elementor-element elementor-element-f089dbd\" data-id=\"f089dbd\" data-element_type=\"column\">\n\t\t\t<div class=\"elementor-widget-wrap elementor-element-populated\">\n\t\t\t\t\t\t<div class=\"elementor-element elementor-element-991fe9f elementor-widget elementor-widget-image\" data-id=\"991fe9f\" data-element_type=\"widget\" data-widget_type=\"image.default\">\n\t\t\t\t<div class=\"elementor-widget-container\">\n\t\t\t\t\t\t\t\t\t\t\t\t\t<img fetchpriority=\"high\" decoding=\"async\" width=\"538\" height=\"185\" src=\"https:\/\/www.ind.cl\/indeduca\/wp-content\/uploads\/2021\/06\/CLUB_DEPORTIVO-1.png\" class=\"attachment-large size-large wp-image-823\" alt=\"\" srcset=\"https:\/\/www.ind.cl\/indeduca\/wp-content\/uploads\/2021\/06\/CLUB_DEPORTIVO-1.png 538w, https:\/\/www.ind.cl\/indeduca\/wp-content\/uploads\/2021\/06\/CLUB_DEPORTIVO-1-300x103.png 300w\" sizes=\"(max-width: 538px) 100vw, 538px\" \/>\t\t\t\t\t\t\t\t\t\t\t\t\t<\/div>\n\t\t\t\t<\/div>\n\t\t\t\t\t<\/div>\n\t\t<\/div>\n\t\t\t\t\t<\/div>\n\t\t<\/section>\n\t\t\t\t<section class=\"elementor-section elementor-top-section elementor-element elementor-element-fadfbac elementor-section-boxed elementor-section-height-default elementor-section-height-default\" data-id=\"fadfbac\" data-element_type=\"section\">\n\t\t\t\t\t\t<div class=\"elementor-container elementor-column-gap-default\">\n\t\t\t\t\t<div class=\"elementor-column elementor-col-50 elementor-top-column elementor-element elementor-element-f9057ec\" data-id=\"f9057ec\" data-element_type=\"column\">\n\t\t\t<div class=\"elementor-widget-wrap elementor-element-populated\">\n\t\t\t\t\t\t<div class=\"elementor-element elementor-element-856e410 elementor-widget elementor-widget-video\" data-id=\"856e410\" data-element_type=\"widget\" data-settings=\"{&quot;video_type&quot;:&quot;vimeo&quot;}\" data-widget_type=\"video.default\">\n\t\t\t\t<div class=\"elementor-widget-container\">\n\t\t\t\t\t<div class=\"elementor-wrapper elementor-open-inline\">\n\t\t\t<iframe class=\"elementor-video-iframe\" allowfullscreen allow=\"clipboard-write\" title=\"Reproductor de v\u00eddeo vimeo\" src=\"https:\/\/player.vimeo.com\/video\/576921265?color&amp;autopause=0&amp;loop=0&amp;muted=0&amp;title=1&amp;portrait=1&amp;byline=1#t=\"><\/iframe>\t\t<\/div>\n\t\t\t\t<\/div>\n\t\t\t\t<\/div>\n\t\t\t\t\t<\/div>\n\t\t<\/div>\n\t\t\t\t<div class=\"elementor-column elementor-col-50 elementor-top-column elementor-element elementor-element-d3e2515\" data-id=\"d3e2515\" data-element_type=\"column\">\n\t\t\t<div class=\"elementor-widget-wrap elementor-element-populated\">\n\t\t\t\t\t\t<div class=\"elementor-element elementor-element-ee452d7 elementor-widget elementor-widget-accordion\" data-id=\"ee452d7\" data-element_type=\"widget\" data-widget_type=\"accordion.default\">\n\t\t\t\t<div class=\"elementor-widget-container\">\n\t\t\t\t\t<div class=\"elementor-accordion\">\n\t\t\t\t\t\t\t<div class=\"elementor-accordion-item\">\n\t\t\t\t\t<div id=\"elementor-tab-title-2491\" class=\"elementor-tab-title\" data-tab=\"1\" role=\"button\" aria-controls=\"elementor-tab-content-2491\" aria-expanded=\"false\">\n\t\t\t\t\t\t\t\t\t\t\t\t\t<span class=\"elementor-accordion-icon elementor-accordion-icon-right\" aria-hidden=\"true\">\n\t\t\t\t\t\t\t\t\t\t\t\t\t\t\t<span class=\"elementor-accordion-icon-closed\"><i class=\"fas fa-plus\"><\/i><\/span>\n\t\t\t\t\t\t\t\t<span class=\"elementor-accordion-icon-opened\"><i class=\"fas fa-minus\"><\/i><\/span>\n\t\t\t\t\t\t\t\t\t\t\t\t\t\t<\/span>\n\t\t\t\t\t\t\t\t\t\t\t\t<a class=\"elementor-accordion-title\" tabindex=\"0\">La Importancia de agruparse<\/a>\n\t\t\t\t\t<\/div>\n\t\t\t\t\t<div id=\"elementor-tab-content-2491\" class=\"elementor-tab-content elementor-clearfix\" data-tab=\"1\" role=\"region\" aria-labelledby=\"elementor-tab-title-2491\"><p>Si formas parte de un grupo de personas que se re\u00fanen entorno a un deporte y tienen la inquietud de poder realizar m\u00e1s actividades o desarrollar un proyecto, te invitamos a formalizar tu grupo y a constituirte como un club deportivo.<\/p><p>Ya que vez que se hayan constituido como una organizaci\u00f3n deportiva, obtendr\u00e1n personalidad jur\u00eddica y podr\u00e1n postular a todos los beneficios que entrega el Estado, como el Fondo Nacional para el Fomento del Deporte \u2013 FONDEPORTE o la Ley de Donaciones con fines Deportivos.<\/p><p><strong>Ent\u00e9rate c\u00f3mo puedes crear tu club <a class=\"btn btn-acord\" href=\"https:\/\/www.ind.cl\/organizaciones-deportivas\/\" target=\"_blank\" rel=\"noopener\">AQUI<\/a><\/strong><\/p><\/div>\n\t\t\t\t<\/div>\n\t\t\t\t\t\t\t\t<\/div>\n\t\t\t\t<\/div>\n\t\t\t\t<\/div>\n\t\t\t\t\t<\/div>\n\t\t<\/div>\n\t\t\t\t\t<\/div>\n\t\t<\/section>\n\t\t\t\t<section class=\"elementor-section elementor-top-section elementor-element elementor-element-061541a eliminar-container box-home elementor-section-boxed elementor-section-height-default elementor-section-height-default\" data-id=\"061541a\" data-element_type=\"section\" data-settings=\"{&quot;background_background&quot;:&quot;classic&quot;}\">\n\t\t\t\t\t\t<div class=\"elementor-container elementor-column-gap-default\">\n\t\t\t\t\t<div class=\"elementor-column elementor-col-100 elementor-top-column elementor-element elementor-element-235412b\" data-id=\"235412b\" data-element_type=\"column\">\n\t\t\t<div class=\"elementor-widget-wrap elementor-element-populated\">\n\t\t\t\t\t\t<div class=\"elementor-element elementor-element-26c86a8 elementor-widget elementor-widget-image\" data-id=\"26c86a8\" data-element_type=\"widget\" data-widget_type=\"image.default\">\n\t\t\t\t<div class=\"elementor-widget-container\">\n\t\t\t\t\t\t\t\t\t\t\t\t\t<img decoding=\"async\" width=\"2508\" height=\"920\" src=\"https:\/\/www.ind.cl\/indeduca\/wp-content\/uploads\/2021\/08\/INFOGRAFIAS-IND-EDUCA-3.jpg\" class=\"attachment-full size-full wp-image-1278\" alt=\"\" srcset=\"https:\/\/www.ind.cl\/indeduca\/wp-content\/uploads\/2021\/08\/INFOGRAFIAS-IND-EDUCA-3.jpg 2508w, https:\/\/www.ind.cl\/indeduca\/wp-content\/uploads\/2021\/08\/INFOGRAFIAS-IND-EDUCA-3-300x110.jpg 300w, https:\/\/www.ind.cl\/indeduca\/wp-content\/uploads\/2021\/08\/INFOGRAFIAS-IND-EDUCA-3-1024x376.jpg 1024w, https:\/\/www.ind.cl\/indeduca\/wp-content\/uploads\/2021\/08\/INFOGRAFIAS-IND-EDUCA-3-768x282.jpg 768w, https:\/\/www.ind.cl\/indeduca\/wp-content\/uploads\/2021\/08\/INFOGRAFIAS-IND-EDUCA-3-1536x563.jpg 1536w, https:\/\/www.ind.cl\/indeduca\/wp-content\/uploads\/2021\/08\/INFOGRAFIAS-IND-EDUCA-3-2048x751.jpg 2048w\" sizes=\"(max-width: 2508px) 100vw, 2508px\" \/>\t\t\t\t\t\t\t\t\t\t\t\t\t<\/div>\n\t\t\t\t<\/div>\n\t\t\t\t\t<\/div>\n\t\t<\/div>\n\t\t\t\t\t<\/div>\n\t\t<\/section>\n\t\t\t\t<\/div>\n\t\t","protected":false},"excerpt":{"rendered":"<p>La Importancia de agruparse Si formas parte de un grupo de personas que se re\u00fanen entorno a un deporte y tienen la inquietud de poder realizar m\u00e1s actividades o desarrollar un proyecto, te invitamos a formalizar tu grupo y a constituirte como un club deportivo. Ya que vez que se hayan constituido como una organizaci\u00f3n [&hellip;]<\/p>\n","protected":false},"author":1,"featured_media":896,"parent":0,"menu_order":0,"comment_status":"closed","ping_status":"closed","template":"","meta":{"inline_featured_image":false,"footnotes":""},"class_list":["post-342","page","type-page","status-publish","has-post-thumbnail","hentry"],"aioseo_notices":[],"_links":{"self":[{"href":"https:\/\/www.ind.cl\/indeduca\/wp-json\/wp\/v2\/pages\/342","targetHints":{"allow":["GET"]}}],"collection":[{"href":"https:\/\/www.ind.cl\/indeduca\/wp-json\/wp\/v2\/pages"}],"about":[{"href":"https:\/\/www.ind.cl\/indeduca\/wp-json\/wp\/v2\/types\/page"}],"author":[{"embeddable":true,"href":"https:\/\/www.ind.cl\/indeduca\/wp-json\/wp\/v2\/users\/1"}],"replies":[{"embeddable":true,"href":"https:\/\/www.ind.cl\/indeduca\/wp-json\/wp\/v2\/comments?post=342"}],"version-history":[{"count":74,"href":"https:\/\/www.ind.cl\/indeduca\/wp-json\/wp\/v2\/pages\/342\/revisions"}],"predecessor-version":[{"id":1377,"href":"https:\/\/www.ind.cl\/indeduca\/wp-json\/wp\/v2\/pages\/342\/revisions\/1377"}],"wp:featuredmedia":[{"embeddable":true,"href":"https:\/\/www.ind.cl\/indeduca\/wp-json\/wp\/v2\/media\/896"}],"wp:attachment":[{"href":"https:\/\/www.ind.cl\/indeduca\/wp-json\/wp\/v2\/media?parent=342"}],"curies":[{"name":"wp","href":"https:\/\/api.w.org\/{rel}","templated":true}]}}