{"id":186,"date":"2024-09-24T10:04:41","date_gmt":"2024-09-24T13:04:41","guid":{"rendered":"https:\/\/www.ind.cl\/jde\/?page_id=186"},"modified":"2024-09-24T13:36:59","modified_gmt":"2024-09-24T16:36:59","slug":"que-son-los-jde","status":"publish","type":"page","link":"https:\/\/www.ind.cl\/jde\/que-son-los-jde\/","title":{"rendered":"\u00bfQu\u00e9 son los JDE?"},"content":{"rendered":"\t\t<div data-elementor-type=\"wp-page\" data-elementor-id=\"186\" class=\"elementor elementor-186\" data-elementor-post-type=\"page\">\n\t\t\t\t<div class=\"elementor-element elementor-element-bcacc40 e-con-full e-flex e-con e-parent\" data-id=\"bcacc40\" data-element_type=\"container\" data-settings=\"{&quot;background_background&quot;:&quot;classic&quot;}\">\n\t\t<div class=\"elementor-element elementor-element-4a17a47 e-con-full e-flex e-con e-child\" data-id=\"4a17a47\" data-element_type=\"container\">\n\t\t<div class=\"elementor-element elementor-element-de882cc e-con-full e-flex e-con e-child\" data-id=\"de882cc\" data-element_type=\"container\">\n\t\t\t\t<div class=\"elementor-element elementor-element-1bc6a0b elementor-widget elementor-widget-heading\" data-id=\"1bc6a0b\" data-element_type=\"widget\" data-widget_type=\"heading.default\">\n\t\t\t\t<div class=\"elementor-widget-container\">\n\t\t\t<h2 class=\"elementor-heading-title elementor-size-default\">\u00bfQu\u00e9 son los JDE?<\/h2>\t\t<\/div>\n\t\t\t\t<\/div>\n\t\t\t\t<div class=\"elementor-element elementor-element-6d1a854 elementor-widget elementor-widget-text-editor\" data-id=\"6d1a854\" data-element_type=\"widget\" data-widget_type=\"text-editor.default\">\n\t\t\t\t<div class=\"elementor-widget-container\">\n\t\t\t\t\t\t\t<p><strong>Son la competencia deportiva escolar m\u00e1s grande de Chile<\/strong> y es convocada por el Ministerio del Deporte y el Ministerio de Educaci\u00f3n. La organizaci\u00f3n, ejecuci\u00f3n y financiamiento es por parte del Instituto Nacional de Deportes (IND) y sus direcciones regionales.<\/p>\t\t\t\t\t\t<\/div>\n\t\t\t\t<\/div>\n\t\t\t\t<\/div>\n\t\t<div class=\"elementor-element elementor-element-b672464 e-con-full e-flex e-con e-child\" data-id=\"b672464\" data-element_type=\"container\">\n\t\t\t\t<div class=\"elementor-element elementor-element-09e9865 elementor-widget elementor-widget-image\" data-id=\"09e9865\" data-element_type=\"widget\" data-widget_type=\"image.default\">\n\t\t\t\t<div class=\"elementor-widget-container\">\n\t\t\t\t\t\t\t\t\t\t\t\t\t<img fetchpriority=\"high\" decoding=\"async\" width=\"1024\" height=\"937\" src=\"https:\/\/www.ind.cl\/jde\/wp-content\/uploads\/2024\/09\/element-1-qsjde.png\" class=\"attachment-full size-full wp-image-192\" alt=\"\" srcset=\"https:\/\/www.ind.cl\/jde\/wp-content\/uploads\/2024\/09\/element-1-qsjde.png 1024w, https:\/\/www.ind.cl\/jde\/wp-content\/uploads\/2024\/09\/element-1-qsjde-300x275.png 300w, https:\/\/www.ind.cl\/jde\/wp-content\/uploads\/2024\/09\/element-1-qsjde-768x703.png 768w\" sizes=\"(max-width: 1024px) 100vw, 1024px\" \/>\t\t\t\t\t\t\t\t\t\t\t\t\t<\/div>\n\t\t\t\t<\/div>\n\t\t\t\t<\/div>\n\t\t\t\t<\/div>\n\t\t<div class=\"elementor-element elementor-element-64f8cd2 e-con-full e-flex e-con e-child\" data-id=\"64f8cd2\" data-element_type=\"container\">\n\t\t<div class=\"elementor-element elementor-element-f52c31e e-con-full e-flex e-con e-child\" data-id=\"f52c31e\" data-element_type=\"container\">\n\t\t\t\t<div class=\"elementor-element elementor-element-492dde1 elementor-widget elementor-widget-image\" data-id=\"492dde1\" data-element_type=\"widget\" data-widget_type=\"image.default\">\n\t\t\t\t<div class=\"elementor-widget-container\">\n\t\t\t\t\t\t\t\t\t\t\t\t\t<img decoding=\"async\" width=\"1024\" height=\"1248\" src=\"https:\/\/www.ind.cl\/jde\/wp-content\/uploads\/2024\/09\/element-2-qsjde.png\" class=\"attachment-full size-full wp-image-202\" alt=\"\" srcset=\"https:\/\/www.ind.cl\/jde\/wp-content\/uploads\/2024\/09\/element-2-qsjde.png 1024w, https:\/\/www.ind.cl\/jde\/wp-content\/uploads\/2024\/09\/element-2-qsjde-246x300.png 246w, https:\/\/www.ind.cl\/jde\/wp-content\/uploads\/2024\/09\/element-2-qsjde-840x1024.png 840w, https:\/\/www.ind.cl\/jde\/wp-content\/uploads\/2024\/09\/element-2-qsjde-768x936.png 768w\" sizes=\"(max-width: 1024px) 100vw, 1024px\" \/>\t\t\t\t\t\t\t\t\t\t\t\t\t<\/div>\n\t\t\t\t<\/div>\n\t\t\t\t<\/div>\n\t\t<div class=\"elementor-element elementor-element-1ecb1f1 e-con-full e-flex e-con e-child\" data-id=\"1ecb1f1\" data-element_type=\"container\">\n\t\t\t\t<div class=\"elementor-element elementor-element-b415a56 elementor-widget elementor-widget-text-editor\" data-id=\"b415a56\" data-element_type=\"widget\" data-widget_type=\"text-editor.default\">\n\t\t\t\t<div class=\"elementor-widget-container\">\n\t\t\t\t\t\t\t<div class=\"circle\"><\/div>\n<p>En \u00e9l participan alumnas y alumnos de escuelas y colegios de todo el pa\u00eds, tanto p\u00fablicos como privados, en las categor\u00edas <strong>Sub10, Sub12, Sub14 y Juvenil<\/strong>, llegando a m\u00e1s de <strong>140.000 mil deportistas<\/strong> que compiten desde la fase comunal, y avanzan a las etapas provinciales y regionales.<\/p>\n\n<p>En el caso de los Sub 14, los campeones de cada regi\u00f3n llegar\u00e1n a las <strong>Finales Nacionales 2024<\/strong>, que se realizar\u00e1n en <strong>Santiago del 10 al 22 de octubre<\/strong> y los mejores de este evento, ser\u00e1n los representantes de Chile en el pr\u00f3ximo <strong>Sudamericano Escolar<\/strong> que se realizar\u00e1 en diciembre pr\u00f3ximo en Bucaramanga, Colombia.<\/p>\t\t\t\t\t\t<\/div>\n\t\t\t\t<\/div>\n\t\t\t\t<\/div>\n\t\t\t\t<\/div>\n\t\t<div class=\"elementor-element elementor-element-c86ee5e e-con-full e-flex e-con e-child\" data-id=\"c86ee5e\" data-element_type=\"container\">\n\t\t<div class=\"elementor-element elementor-element-4d448a1 e-con-full e-flex e-con e-child\" data-id=\"4d448a1\" data-element_type=\"container\">\n\t\t\t\t<div class=\"elementor-element elementor-element-017dda5 elementor-widget elementor-widget-text-editor\" data-id=\"017dda5\" data-element_type=\"widget\" data-widget_type=\"text-editor.default\">\n\t\t\t\t<div class=\"elementor-widget-container\">\n\t\t\t\t\t\t\t<p>Este a\u00f1o adem\u00e1s, la categor\u00eda juvenil retomar\u00e1 la realizaci\u00f3n de una Final Nacional, en este caso en la disciplina del b\u00e1squetbol, la que se disputar\u00e1 en Valpara\u00edso, del 3 al 9 de noviembre.<\/p><p>El presupuesto total del IND para esta competencia 2024 es de m\u00e1s de 6 mil millones de pesos.<\/p>\t\t\t\t\t\t<\/div>\n\t\t\t\t<\/div>\n\t\t\t\t<\/div>\n\t\t<div class=\"elementor-element elementor-element-6c0f2c1 e-con-full e-flex e-con e-child\" data-id=\"6c0f2c1\" data-element_type=\"container\">\n\t\t\t\t<div class=\"elementor-element elementor-element-c2401d5 elementor-widget elementor-widget-image\" data-id=\"c2401d5\" data-element_type=\"widget\" data-widget_type=\"image.default\">\n\t\t\t\t<div class=\"elementor-widget-container\">\n\t\t\t\t\t\t\t\t\t\t\t\t\t<img decoding=\"async\" width=\"1141\" height=\"938\" src=\"https:\/\/www.ind.cl\/jde\/wp-content\/uploads\/2024\/09\/element-3-qsjde.png\" class=\"attachment-full size-full wp-image-230\" alt=\"\" srcset=\"https:\/\/www.ind.cl\/jde\/wp-content\/uploads\/2024\/09\/element-3-qsjde.png 1141w, https:\/\/www.ind.cl\/jde\/wp-content\/uploads\/2024\/09\/element-3-qsjde-300x247.png 300w, https:\/\/www.ind.cl\/jde\/wp-content\/uploads\/2024\/09\/element-3-qsjde-1024x842.png 1024w, https:\/\/www.ind.cl\/jde\/wp-content\/uploads\/2024\/09\/element-3-qsjde-768x631.png 768w\" sizes=\"(max-width: 1141px) 100vw, 1141px\" \/>\t\t\t\t\t\t\t\t\t\t\t\t\t<\/div>\n\t\t\t\t<\/div>\n\t\t\t\t<\/div>\n\t\t\t\t<\/div>\n\t\t\t\t<\/div>\n\t\t\t\t<\/div>\n\t\t","protected":false},"excerpt":{"rendered":"<p>\u00bfQu\u00e9 son los JDE? Son la competencia deportiva escolar m\u00e1s grande de Chile y es convocada por el Ministerio del Deporte y el Ministerio de Educaci\u00f3n. La organizaci\u00f3n, ejecuci\u00f3n y financiamiento es por parte del Instituto Nacional de Deportes (IND) y sus direcciones regionales. En \u00e9l participan alumnas y alumnos de escuelas y colegios de [&hellip;]<\/p>\n","protected":false},"author":1,"featured_media":0,"parent":0,"menu_order":0,"comment_status":"closed","ping_status":"closed","template":"","meta":{"_acf_changed":false,"inline_featured_image":false,"footnotes":""},"class_list":["post-186","page","type-page","status-publish","hentry"],"acf":[],"_links":{"self":[{"href":"https:\/\/www.ind.cl\/jde\/wp-json\/wp\/v2\/pages\/186","targetHints":{"allow":["GET"]}}],"collection":[{"href":"https:\/\/www.ind.cl\/jde\/wp-json\/wp\/v2\/pages"}],"about":[{"href":"https:\/\/www.ind.cl\/jde\/wp-json\/wp\/v2\/types\/page"}],"author":[{"embeddable":true,"href":"https:\/\/www.ind.cl\/jde\/wp-json\/wp\/v2\/users\/1"}],"replies":[{"embeddable":true,"href":"https:\/\/www.ind.cl\/jde\/wp-json\/wp\/v2\/comments?post=186"}],"version-history":[{"count":43,"href":"https:\/\/www.ind.cl\/jde\/wp-json\/wp\/v2\/pages\/186\/revisions"}],"predecessor-version":[{"id":239,"href":"https:\/\/www.ind.cl\/jde\/wp-json\/wp\/v2\/pages\/186\/revisions\/239"}],"wp:attachment":[{"href":"https:\/\/www.ind.cl\/jde\/wp-json\/wp\/v2\/media?parent=186"}],"curies":[{"name":"wp","href":"https:\/\/api.w.org\/{rel}","templated":true}]}}