{"id":561,"date":"2024-10-02T19:04:34","date_gmt":"2024-10-02T22:04:34","guid":{"rendered":"https:\/\/www.ind.cl\/jde\/?page_id=561"},"modified":"2025-06-09T15:26:34","modified_gmt":"2025-06-09T19:26:34","slug":"mascota","status":"publish","type":"page","link":"https:\/\/www.ind.cl\/jde_2025\/mascota\/","title":{"rendered":"Mascota"},"content":{"rendered":"\t\t<div data-elementor-type=\"wp-page\" data-elementor-id=\"561\" class=\"elementor elementor-561\" data-elementor-post-type=\"page\">\n\t\t\t\t<div class=\"elementor-element elementor-element-1922827 e-con-full e-flex e-con e-parent\" data-id=\"1922827\" data-element_type=\"container\" data-settings=\"{&quot;background_background&quot;:&quot;classic&quot;}\">\n\t\t<div class=\"elementor-element elementor-element-6940e72 e-con-full e-flex e-con e-child\" data-id=\"6940e72\" data-element_type=\"container\" data-settings=\"{&quot;background_background&quot;:&quot;classic&quot;}\">\n\t\t<div class=\"elementor-element elementor-element-c51accd e-con-full e-flex e-con e-child\" data-id=\"c51accd\" data-element_type=\"container\" data-settings=\"{&quot;background_background&quot;:&quot;classic&quot;}\">\n\t\t\t\t<\/div>\n\t\t<div class=\"elementor-element elementor-element-919c814 e-flex e-con-boxed e-con e-child\" data-id=\"919c814\" data-element_type=\"container\">\n\t\t\t\t\t<div class=\"e-con-inner\">\n\t\t<div class=\"elementor-element elementor-element-69f57a9 e-con-full e-flex e-con e-child\" data-id=\"69f57a9\" data-element_type=\"container\">\n\t\t\t\t<div class=\"elementor-element elementor-element-e726f2f elementor-widget__width-inherit elementor-widget elementor-widget-image\" data-id=\"e726f2f\" data-element_type=\"widget\" data-widget_type=\"image.default\">\n\t\t\t\t<div class=\"elementor-widget-container\">\n\t\t\t\t\t\t\t\t\t\t\t\t\t\t\t<img fetchpriority=\"high\" decoding=\"async\" width=\"640\" height=\"852\" src=\"https:\/\/www.ind.cl\/jde_2025\/wp-content\/uploads\/2024\/10\/lycal-769x1024.png\" class=\"attachment-large size-large wp-image-567\" alt=\"\" srcset=\"https:\/\/www.ind.cl\/jde_2025\/wp-content\/uploads\/2024\/10\/lycal-769x1024.png 769w, https:\/\/www.ind.cl\/jde_2025\/wp-content\/uploads\/2024\/10\/lycal-225x300.png 225w, https:\/\/www.ind.cl\/jde_2025\/wp-content\/uploads\/2024\/10\/lycal-768x1022.png 768w, https:\/\/www.ind.cl\/jde_2025\/wp-content\/uploads\/2024\/10\/lycal.png 900w\" sizes=\"(max-width: 640px) 100vw, 640px\" \/>\t\t\t\t\t\t\t\t\t\t\t\t\t\t\t<\/div>\n\t\t\t\t<\/div>\n\t\t\t\t<\/div>\n\t\t<div class=\"elementor-element elementor-element-48c4eb6 e-con-full e-flex e-con e-child\" data-id=\"48c4eb6\" data-element_type=\"container\">\n\t\t\t\t<div class=\"elementor-element elementor-element-0f8d646 elementor-widget elementor-widget-heading\" data-id=\"0f8d646\" data-element_type=\"widget\" data-widget_type=\"heading.default\">\n\t\t\t\t<div class=\"elementor-widget-container\">\n\t\t\t\t\t<h2 class=\"elementor-heading-title elementor-size-default\">Lycal se toma <br>\nla Final Nacional 2025<\/h2>\t\t\t\t<\/div>\n\t\t\t\t<\/div>\n\t\t\t\t<div class=\"elementor-element elementor-element-3f42392 elementor-widget elementor-widget-text-editor\" data-id=\"3f42392\" data-element_type=\"widget\" data-widget_type=\"text-editor.default\">\n\t\t\t\t<div class=\"elementor-widget-container\">\n\t\t\t\t\t\t\t\t\t<p><span style=\"font-weight: 400;\">Mi nombre es Lycal, conocido cient\u00edficamente como Lycalopex Culpaeus, y soy un zorro culpeo y vivo en diversos ecosistemas como monta\u00f1as, praderas, desiertos y bosques, en todo Chile. Desde muy peque\u00f1o, siempre he mostrado una curiosidad insaciable por el deporte por lo que soy muy \u00e1gil y veloz, adapt\u00e1ndome a todas las situaciones y retos.<\/span><\/p>\t\t\t\t\t\t\t\t<\/div>\n\t\t\t\t<\/div>\n\t\t\t\t<\/div>\n\t\t\t\t\t<\/div>\n\t\t\t\t<\/div>\n\t\t\t\t<\/div>\n\t\t<div class=\"elementor-element elementor-element-a9dec9d e-con-full e-flex e-con e-child\" data-id=\"a9dec9d\" data-element_type=\"container\" data-settings=\"{&quot;background_background&quot;:&quot;classic&quot;}\">\n\t\t<div class=\"elementor-element elementor-element-a599167 e-flex e-con-boxed e-con e-child\" data-id=\"a599167\" data-element_type=\"container\">\n\t\t\t\t\t<div class=\"e-con-inner\">\n\t\t<div class=\"elementor-element elementor-element-a4a5a90 e-con-full e-flex e-con e-child\" data-id=\"a4a5a90\" data-element_type=\"container\">\n\t\t\t\t<div class=\"elementor-element elementor-element-e3ce023 elementor-widget elementor-widget-text-editor\" data-id=\"e3ce023\" data-element_type=\"widget\" data-widget_type=\"text-editor.default\">\n\t\t\t\t<div class=\"elementor-widget-container\">\n\t\t\t\t\t\t\t\t\t<p><span style=\"font-weight: 400;\">Mi pasi\u00f3n por el deporte es evidente; no importa si estoy corriendo por las colinas cercanas, escalando las monta\u00f1as que me rodean o jugando con mis amigos en las praderas, siempre estoy en movimiento. El deporte me permite canalizar la energ\u00eda, mientras desarrollo mi resistencia, fuerza, sentidos y astucia. De preferencia me gustan los deportes al aire libre y en entornos naturales, por lo que siempre busco nuevas aventuras y desaf\u00edos en la naturaleza.<\/span><\/p>\t\t\t\t\t\t\t\t<\/div>\n\t\t\t\t<\/div>\n\t\t\t\t<\/div>\n\t\t<div class=\"elementor-element elementor-element-dfdc7c2 e-con-full e-flex e-con e-child\" data-id=\"dfdc7c2\" data-element_type=\"container\">\n\t\t\t\t<div class=\"elementor-element elementor-element-f934290 elementor-widget__width-inherit elementor-widget elementor-widget-image\" data-id=\"f934290\" data-element_type=\"widget\" data-widget_type=\"image.default\">\n\t\t\t\t<div class=\"elementor-widget-container\">\n\t\t\t\t\t\t\t\t\t\t\t\t\t\t\t<img decoding=\"async\" width=\"640\" height=\"378\" src=\"https:\/\/www.ind.cl\/jde_2025\/wp-content\/uploads\/2024\/10\/lycal-bici.png\" class=\"attachment-large size-large wp-image-588\" alt=\"\" srcset=\"https:\/\/www.ind.cl\/jde_2025\/wp-content\/uploads\/2024\/10\/lycal-bici.png 900w, https:\/\/www.ind.cl\/jde_2025\/wp-content\/uploads\/2024\/10\/lycal-bici-300x177.png 300w, https:\/\/www.ind.cl\/jde_2025\/wp-content\/uploads\/2024\/10\/lycal-bici-768x453.png 768w\" sizes=\"(max-width: 640px) 100vw, 640px\" \/>\t\t\t\t\t\t\t\t\t\t\t\t\t\t\t<\/div>\n\t\t\t\t<\/div>\n\t\t\t\t<\/div>\n\t\t\t\t\t<\/div>\n\t\t\t\t<\/div>\n\t\t\t\t<\/div>\n\t\t<div class=\"elementor-element elementor-element-5c5cc03 e-con-full e-flex e-con e-child\" data-id=\"5c5cc03\" data-element_type=\"container\" data-settings=\"{&quot;background_background&quot;:&quot;classic&quot;}\">\n\t\t<div class=\"elementor-element elementor-element-e6be25d e-flex e-con-boxed e-con e-child\" data-id=\"e6be25d\" data-element_type=\"container\">\n\t\t\t\t\t<div class=\"e-con-inner\">\n\t\t<div class=\"elementor-element elementor-element-deec2ea e-con-full e-flex e-con e-child\" data-id=\"deec2ea\" data-element_type=\"container\">\n\t\t\t\t<div class=\"elementor-element elementor-element-a1b29d2 elementor-widget__width-inherit elementor-widget elementor-widget-image\" data-id=\"a1b29d2\" data-element_type=\"widget\" data-widget_type=\"image.default\">\n\t\t\t\t<div class=\"elementor-widget-container\">\n\t\t\t\t\t\t\t\t\t\t\t\t\t\t\t<img decoding=\"async\" width=\"640\" height=\"438\" src=\"https:\/\/www.ind.cl\/jde_2025\/wp-content\/uploads\/2024\/10\/lycal-baloncesto.png\" class=\"attachment-large size-large wp-image-595\" alt=\"\" srcset=\"https:\/\/www.ind.cl\/jde_2025\/wp-content\/uploads\/2024\/10\/lycal-baloncesto.png 900w, https:\/\/www.ind.cl\/jde_2025\/wp-content\/uploads\/2024\/10\/lycal-baloncesto-300x205.png 300w, https:\/\/www.ind.cl\/jde_2025\/wp-content\/uploads\/2024\/10\/lycal-baloncesto-768x526.png 768w\" sizes=\"(max-width: 640px) 100vw, 640px\" \/>\t\t\t\t\t\t\t\t\t\t\t\t\t\t\t<\/div>\n\t\t\t\t<\/div>\n\t\t\t\t<\/div>\n\t\t<div class=\"elementor-element elementor-element-624d75b e-con-full e-flex e-con e-child\" data-id=\"624d75b\" data-element_type=\"container\">\n\t\t\t\t<div class=\"elementor-element elementor-element-ec9c7ed elementor-widget elementor-widget-text-editor\" data-id=\"ec9c7ed\" data-element_type=\"widget\" data-widget_type=\"text-editor.default\">\n\t\t\t\t<div class=\"elementor-widget-container\">\n\t\t\t\t\t\t\t\t\t<p><span style=\"font-weight: 400;\">Aunque puedo parecer un tanto solitario, soy muy leal a mis amigos y familiares. Soy astuto y protector, siempre alerta ante cualquier peligro que pueda acontecer. Mi capacidad para adaptarme y sobrevivir en diferentes entornos me ha otorgado una gran sabidur\u00eda y perspicacia, a pesar de mi edad.<\/span><\/p>\t\t\t\t\t\t\t\t<\/div>\n\t\t\t\t<\/div>\n\t\t\t\t<\/div>\n\t\t\t\t\t<\/div>\n\t\t\t\t<\/div>\n\t\t\t\t<\/div>\n\t\t<div class=\"elementor-element elementor-element-58a29f4 e-con-full e-flex e-con e-child\" data-id=\"58a29f4\" data-element_type=\"container\" data-settings=\"{&quot;background_background&quot;:&quot;classic&quot;}\">\n\t\t<div class=\"elementor-element elementor-element-4decec2 e-flex e-con-boxed e-con e-child\" data-id=\"4decec2\" data-element_type=\"container\">\n\t\t\t\t\t<div class=\"e-con-inner\">\n\t\t<div class=\"elementor-element elementor-element-a253b76 e-con-full e-flex e-con e-child\" data-id=\"a253b76\" data-element_type=\"container\">\n\t\t\t\t<div class=\"elementor-element elementor-element-b17748b elementor-widget elementor-widget-text-editor\" data-id=\"b17748b\" data-element_type=\"widget\" data-widget_type=\"text-editor.default\">\n\t\t\t\t<div class=\"elementor-widget-container\">\n\t\t\t\t\t\t\t\t\t<p><span style=\"font-weight: 400;\">Sue\u00f1o con explorar cada rinc\u00f3n del mundo, desde los desiertos hasta los frondosos bosques, desde las altas monta\u00f1as hasta la costa y descubrir qu\u00e9 m\u00e1s puedo aprender de su entorno. Mi identidad como \"zorro culpeo\" no solo refleja mi habilidad f\u00edsica y agilidad, sino tambi\u00e9n mi independencia y el deseo de proteger lo que m\u00e1s amo: la libertad y la naturaleza.<\/span><\/p>\t\t\t\t\t\t\t\t<\/div>\n\t\t\t\t<\/div>\n\t\t\t\t<\/div>\n\t\t<div class=\"elementor-element elementor-element-45d3aea e-con-full e-flex e-con e-child\" data-id=\"45d3aea\" data-element_type=\"container\">\n\t\t\t\t<div class=\"elementor-element elementor-element-387c819 elementor-widget__width-inherit elementor-widget elementor-widget-image\" data-id=\"387c819\" data-element_type=\"widget\" data-widget_type=\"image.default\">\n\t\t\t\t<div class=\"elementor-widget-container\">\n\t\t\t\t\t\t\t\t\t\t\t\t\t\t\t<img loading=\"lazy\" decoding=\"async\" width=\"640\" height=\"555\" src=\"https:\/\/www.ind.cl\/jde_2025\/wp-content\/uploads\/2024\/10\/lycal-caminando.png\" class=\"attachment-large size-large wp-image-603\" alt=\"\" srcset=\"https:\/\/www.ind.cl\/jde_2025\/wp-content\/uploads\/2024\/10\/lycal-caminando.png 900w, https:\/\/www.ind.cl\/jde_2025\/wp-content\/uploads\/2024\/10\/lycal-caminando-300x260.png 300w, https:\/\/www.ind.cl\/jde_2025\/wp-content\/uploads\/2024\/10\/lycal-caminando-768x666.png 768w\" sizes=\"(max-width: 640px) 100vw, 640px\" \/>\t\t\t\t\t\t\t\t\t\t\t\t\t\t\t<\/div>\n\t\t\t\t<\/div>\n\t\t\t\t<\/div>\n\t\t\t\t\t<\/div>\n\t\t\t\t<\/div>\n\t\t\t\t<\/div>\n\t\t<div class=\"elementor-element elementor-element-cab42b6 e-con-full e-flex e-con e-child\" data-id=\"cab42b6\" data-element_type=\"container\" data-settings=\"{&quot;background_background&quot;:&quot;classic&quot;}\">\n\t\t<div class=\"elementor-element elementor-element-bb8b117 e-flex e-con-boxed e-con e-child\" data-id=\"bb8b117\" data-element_type=\"container\">\n\t\t\t\t\t<div class=\"e-con-inner\">\n\t\t<div class=\"elementor-element elementor-element-1088eec e-con-full e-flex e-con e-child\" data-id=\"1088eec\" data-element_type=\"container\">\n\t\t\t\t<div class=\"elementor-element elementor-element-6786fb9 elementor-widget__width-inherit elementor-widget elementor-widget-image\" data-id=\"6786fb9\" data-element_type=\"widget\" data-widget_type=\"image.default\">\n\t\t\t\t<div class=\"elementor-widget-container\">\n\t\t\t\t\t\t\t\t\t\t\t\t\t\t\t<img loading=\"lazy\" decoding=\"async\" width=\"640\" height=\"640\" src=\"https:\/\/www.ind.cl\/jde_2025\/wp-content\/uploads\/2024\/10\/lycal-saludo.png\" class=\"attachment-large size-large wp-image-607\" alt=\"\" srcset=\"https:\/\/www.ind.cl\/jde_2025\/wp-content\/uploads\/2024\/10\/lycal-saludo.png 900w, https:\/\/www.ind.cl\/jde_2025\/wp-content\/uploads\/2024\/10\/lycal-saludo-300x300.png 300w, https:\/\/www.ind.cl\/jde_2025\/wp-content\/uploads\/2024\/10\/lycal-saludo-150x150.png 150w, https:\/\/www.ind.cl\/jde_2025\/wp-content\/uploads\/2024\/10\/lycal-saludo-768x768.png 768w\" sizes=\"(max-width: 640px) 100vw, 640px\" \/>\t\t\t\t\t\t\t\t\t\t\t\t\t\t\t<\/div>\n\t\t\t\t<\/div>\n\t\t\t\t<\/div>\n\t\t<div class=\"elementor-element elementor-element-dd3fbd5 e-con-full e-flex e-con e-child\" data-id=\"dd3fbd5\" data-element_type=\"container\">\n\t\t\t\t<div class=\"elementor-element elementor-element-737ec79 elementor-widget elementor-widget-text-editor\" data-id=\"737ec79\" data-element_type=\"widget\" data-widget_type=\"text-editor.default\">\n\t\t\t\t<div class=\"elementor-widget-container\">\n\t\t\t\t\t\t\t\t\t<p>Aunque puedo parecer un tanto solitario, soy muy leal a mis amigos y familiares. Soy astuto y protector, siempre alerta ante cualquier peligro que pueda acontecer. Mi capacidad para adaptarme y sobrevivir en diferentes entornos me ha otorgado una gran sabidur\u00eda y perspicacia, a pesar de mi edad.<\/p>\t\t\t\t\t\t\t\t<\/div>\n\t\t\t\t<\/div>\n\t\t\t\t<\/div>\n\t\t\t\t\t<\/div>\n\t\t\t\t<\/div>\n\t\t\t\t<\/div>\n\t\t\t\t<\/div>\n\t\t\t\t<\/div>\n\t\t","protected":false},"excerpt":{"rendered":"<p>Lycal se toma la Final Nacional 2025 Mi nombre es Lycal, conocido cient\u00edficamente como Lycalopex Culpaeus, y soy un zorro culpeo y vivo en diversos ecosistemas como monta\u00f1as, praderas, desiertos y bosques, en todo Chile. Desde muy peque\u00f1o, siempre he mostrado una curiosidad insaciable por el deporte por lo que soy muy \u00e1gil y veloz, [&hellip;]<\/p>\n","protected":false},"author":1,"featured_media":0,"parent":0,"menu_order":0,"comment_status":"closed","ping_status":"closed","template":"","meta":{"_acf_changed":false,"inline_featured_image":false,"footnotes":""},"class_list":["post-561","page","type-page","status-publish","hentry"],"acf":[],"_links":{"self":[{"href":"https:\/\/www.ind.cl\/jde_2025\/wp-json\/wp\/v2\/pages\/561","targetHints":{"allow":["GET"]}}],"collection":[{"href":"https:\/\/www.ind.cl\/jde_2025\/wp-json\/wp\/v2\/pages"}],"about":[{"href":"https:\/\/www.ind.cl\/jde_2025\/wp-json\/wp\/v2\/types\/page"}],"author":[{"embeddable":true,"href":"https:\/\/www.ind.cl\/jde_2025\/wp-json\/wp\/v2\/users\/1"}],"replies":[{"embeddable":true,"href":"https:\/\/www.ind.cl\/jde_2025\/wp-json\/wp\/v2\/comments?post=561"}],"version-history":[{"count":43,"href":"https:\/\/www.ind.cl\/jde_2025\/wp-json\/wp\/v2\/pages\/561\/revisions"}],"predecessor-version":[{"id":847,"href":"https:\/\/www.ind.cl\/jde_2025\/wp-json\/wp\/v2\/pages\/561\/revisions\/847"}],"wp:attachment":[{"href":"https:\/\/www.ind.cl\/jde_2025\/wp-json\/wp\/v2\/media?parent=561"}],"curies":[{"name":"wp","href":"https:\/\/api.w.org\/{rel}","templated":true}]}}